{"id":332,"date":"2026-03-03T15:28:37","date_gmt":"2026-03-03T15:28:37","guid":{"rendered":"https:\/\/www.thepowerprime.com\/?page_id=332"},"modified":"2026-03-04T13:32:07","modified_gmt":"2026-03-04T13:32:07","slug":"nosotros","status":"publish","type":"page","link":"https:\/\/www.thepowerprime.com\/index.php\/nosotros\/","title":{"rendered":"NOSOTROS"},"content":{"rendered":"<p>[et_pb_section fb_built=\u00bb1&#8243; fullwidth=\u00bbon\u00bb _builder_version=\u00bb4.27.5&#8243; _module_preset=\u00bbdefault\u00bb background_image=\u00bbhttps:\/\/www.thepowerprime.com\/wp-content\/uploads\/2026\/03\/ceos-power-prime.png\u00bb global_colors_info=\u00bb{}\u00bb][et_pb_fullwidth_image src=\u00bbhttps:\/\/www.thepowerprime.com\/wp-content\/uploads\/2026\/03\/ceos-power-prime.png\u00bb title_text=\u00bbceos power prime\u00bb _builder_version=\u00bb4.27.5&#8243; _module_preset=\u00bbdefault\u00bb global_colors_info=\u00bb{}\u00bb][\/et_pb_fullwidth_image][\/et_pb_section][et_pb_section fb_built=\u00bb1&#8243; admin_label=\u00bbHeader\u00bb _builder_version=\u00bb4.27.5&#8243; _module_preset=\u00bbdefault\u00bb background_color=\u00bb#FFFFFF\u00bb locked=\u00bboff\u00bb collapsed=\u00bbon\u00bb global_colors_info=\u00bb{}\u00bb][et_pb_row _builder_version=\u00bb4.20.0&#8243; _module_preset=\u00bbdefault\u00bb width=\u00bb90%\u00bb max_width=\u00bbnone\u00bb custom_padding=\u00bb||0px||false|false\u00bb global_colors_info=\u00bb{}\u00bb][et_pb_column type=\u00bb4_4&#8243; _builder_version=\u00bb4.20.0&#8243; _module_preset=\u00bbdefault\u00bb global_colors_info=\u00bb{}\u00bb][et_pb_text _builder_version=\u00bb4.20.0&#8243; _module_preset=\u00bb_initial\u00bb header_font=\u00bbArial|700|||||||\u00bb header_text_color=\u00bb#000000&#8243; header_font_size=\u00bb11vw\u00bb header_letter_spacing=\u00bb-0.04em\u00bb global_colors_info=\u00bb{}\u00bb]<\/p>\n<h1>Sobre<\/h1>\n<p>&nbsp;<\/p>\n<p>[\/et_pb_text][\/et_pb_column][\/et_pb_row][et_pb_row _builder_version=\u00bb4.20.0&#8243; _module_preset=\u00bbdefault\u00bb width=\u00bb90%\u00bb max_width=\u00bbnone\u00bb custom_padding=\u00bb||0px||false|false\u00bb global_colors_info=\u00bb{}\u00bb][et_pb_column type=\u00bb4_4&#8243; _builder_version=\u00bb4.20.0&#8243; _module_preset=\u00bbdefault\u00bb global_colors_info=\u00bb{}\u00bb][et_pb_text _builder_version=\u00bb4.20.0&#8243; _module_preset=\u00bb_initial\u00bb header_font=\u00bbArial|700|||||||\u00bb header_text_color=\u00bb#000000&#8243; header_font_size=\u00bb11vw\u00bb header_letter_spacing=\u00bb-0.04em\u00bb global_colors_info=\u00bb{}\u00bb]<\/p>\n<h1><em>POWER PRIME<\/em><\/h1>\n<p>&nbsp;<\/p>\n<p>[\/et_pb_text][\/et_pb_column][\/et_pb_row][\/et_pb_section][et_pb_section fb_built=\u00bb1&#8243; _builder_version=\u00bb4.27.5&#8243; _module_preset=\u00bbdefault\u00bb background_color=\u00bb#000000&#8243; global_colors_info=\u00bb{}\u00bb][et_pb_row _builder_version=\u00bb4.27.5&#8243; _module_preset=\u00bbdefault\u00bb width=\u00bb50%\u00bb global_colors_info=\u00bb{}\u00bb][et_pb_column type=\u00bb4_4&#8243; _builder_version=\u00bb4.27.5&#8243; _module_preset=\u00bbdefault\u00bb global_colors_info=\u00bb{}\u00bb][et_pb_heading title=\u00bbDos t\u00edos con una obsesi\u00f3n bastante concreta\u00bb _builder_version=\u00bb4.27.5&#8243; _module_preset=\u00bbdefault\u00bb title_font=\u00bbArial||||||||\u00bb title_text_color=\u00bb#FFFFFF\u00bb global_colors_info=\u00bb{}\u00bb][\/et_pb_heading][\/et_pb_column][\/et_pb_row][et_pb_row _builder_version=\u00bb4.27.5&#8243; _module_preset=\u00bbdefault\u00bb global_colors_info=\u00bb{}\u00bb][et_pb_column type=\u00bb4_4&#8243; _builder_version=\u00bb4.27.5&#8243; _module_preset=\u00bbdefault\u00bb global_colors_info=\u00bb{}\u00bb][et_pb_text _builder_version=\u00bb4.27.5&#8243; _module_preset=\u00bbdefault\u00bb text_font=\u00bbArchivo|500|||||||\u00bb text_text_color=\u00bb#000000&#8243; text_font_size=\u00bb17px\u00bb global_colors_info=\u00bb{}\u00bb]<\/p>\n<p class=\"font-claude-response-body break-words whitespace-normal leading-[1.7]\"><span style=\"color: #ffffff;\">Hay agencias de marketing que nacen porque alguien necesitaba trabajo.<\/span><\/p>\n<p class=\"font-claude-response-body break-words whitespace-normal leading-[1.7]\"><span style=\"color: #ffffff;\">PowerPrime naci\u00f3 porque dos personas vieron el mismo problema desde lados opuestos del Atl\u00e1ntico \u2014 y ninguno de los dos supo callarse.<\/span><\/p>\n<p>[\/et_pb_text][\/et_pb_column][\/et_pb_row][et_pb_row column_structure=\u00bb1_3,1_3,1_3&#8243; _builder_version=\u00bb4.27.5&#8243; _module_preset=\u00bbdefault\u00bb global_colors_info=\u00bb{}\u00bb][et_pb_column type=\u00bb1_3&#8243; _builder_version=\u00bb4.27.5&#8243; _module_preset=\u00bbdefault\u00bb global_colors_info=\u00bb{}\u00bb][et_pb_image src=\u00bbhttps:\/\/www.thepowerprime.com\/wp-content\/uploads\/2026\/03\/Pablo-2.png\u00bb title_text=\u00bbPablo\u00bb _builder_version=\u00bb4.27.5&#8243; _module_preset=\u00bbdefault\u00bb global_colors_info=\u00bb{}\u00bb][\/et_pb_image][et_pb_text _builder_version=\u00bb4.27.5&#8243; _module_preset=\u00bbdefault\u00bb global_colors_info=\u00bb{}\u00bb]<\/p>\n<p class=\"font-claude-response-body break-words whitespace-normal leading-[1.7]\" style=\"text-align: left;\"><span style=\"color: #ffffff;\"><strong>Pablo llevaba a\u00f1os dentro de Google<\/strong> aprendiendo exactamente c\u00f3mo funciona la m\u00e1quina por dentro. No la versi\u00f3n que te cuentan en los cursos de YouTube. La real. La de los datos, las estrategias y las reuniones donde se decide c\u00f3mo van a gastar su dinero las empresas m\u00e1s grandes del mundo.<\/span><\/p>\n<p class=\"font-claude-response-body break-words whitespace-normal leading-[1.7]\"><span style=\"color: #ffffff;\">Lo que ve\u00eda le inquietaba un poco.<\/span><\/p>\n<p class=\"font-claude-response-body break-words whitespace-normal leading-[1.7]\" style=\"text-align: justify;\"><span style=\"color: #ffffff;\">Porque fuera de Google, la mayor\u00eda de empresas estaban jugando a la guerra con un mapa de 1987.<\/span><\/p>\n<p>[\/et_pb_text][\/et_pb_column][et_pb_column type=\u00bb1_3&#8243; _builder_version=\u00bb4.27.5&#8243; _module_preset=\u00bbdefault\u00bb global_colors_info=\u00bb{}\u00bb][et_pb_text _builder_version=\u00bb4.27.5&#8243; _module_preset=\u00bbdefault\u00bb hover_enabled=\u00bb0&#8243; global_colors_info=\u00bb{}\u00bb sticky_enabled=\u00bb0&#8243;]<\/p>\n<h2 class=\"text-text-100 mt-3 -mb-1 text-[1.125rem] font-bold\" style=\"text-align: center;\"><strong><span style=\"color: #ffffff;\">Lo que <em>hacemos<\/em> hoy<\/span><\/strong><\/h2>\n<p class=\"font-claude-response-body break-words whitespace-normal leading-[1.7]\" style=\"text-align: center;\"><span style=\"color: #ffffff;\">PowerPrime trabaja con empresas en Espa\u00f1a, Europa y Estados Unidos que quieren crecer online sin que les cuenten cuentos.<\/span><\/p>\n<p class=\"font-claude-response-body break-words whitespace-normal leading-[1.7]\" style=\"text-align: center;\"><span style=\"color: #ffffff;\">Sin humo. Sin m\u00e9tricas de vanidad. Sin informes de 40 p\u00e1ginas dise\u00f1ados para impresionar en vez de para decidir.<\/span><\/p>\n<p class=\"font-claude-response-body break-words whitespace-normal leading-[1.7]\" style=\"text-align: center;\"><span style=\"color: #ffffff;\">Solo estrategia que funciona, campa\u00f1as que convierten y webs que no espantan a los clientes cuando llegan.<\/span><\/p>\n<p>[\/et_pb_text][\/et_pb_column][et_pb_column type=\u00bb1_3&#8243; _builder_version=\u00bb4.27.5&#8243; _module_preset=\u00bbdefault\u00bb global_colors_info=\u00bb{}\u00bb][et_pb_image src=\u00bbhttps:\/\/www.thepowerprime.com\/wp-content\/uploads\/2026\/03\/Ryan-1.png\u00bb title_text=\u00bbRyan\u00bb _builder_version=\u00bb4.27.5&#8243; _module_preset=\u00bbdefault\u00bb global_colors_info=\u00bb{}\u00bb][\/et_pb_image][et_pb_text _builder_version=\u00bb4.27.5&#8243; _module_preset=\u00bbdefault\u00bb global_colors_info=\u00bb{}\u00bb]<\/p>\n<p class=\"font-claude-response-body break-words whitespace-normal leading-[1.7]\"><span style=\"color: #ffffff;\"><strong>Ryan lleg\u00f3 desde Chicago<\/strong> con el mismo cargo, la misma inquietud y \u2014 hay que decirlo \u2014 mucho peor acento en espa\u00f1ol.<\/span><\/p>\n<p class=\"font-claude-response-body break-words whitespace-normal leading-[1.7]\"><span style=\"color: #ffffff;\">Se conocieron en una revisi\u00f3n de campa\u00f1a que se alarg\u00f3 m\u00e1s de lo previsto, termin\u00f3 en una terraza de Madrid y acab\u00f3 siendo la conversaci\u00f3n m\u00e1s cara de sus vidas.<\/span><\/p>\n<p class=\"font-claude-response-body break-words whitespace-normal leading-[1.7]\"><span style=\"color: #ffffff;\"><em>Cara en el buen sentido.<\/em><\/span><\/p>\n<p class=\"font-claude-response-body break-words whitespace-normal leading-[1.7]\"><span style=\"color: #ffffff;\">Lo que ve\u00eda le inquietaba un poco.<\/span><\/p>\n<p class=\"font-claude-response-body break-words whitespace-normal leading-[1.7]\" style=\"text-align: justify;\"><span style=\"color: #ffffff;\">Porque fuera de Google, la mayor\u00eda de empresas estaban jugando a la guerra con un mapa de 1987.<\/span><\/p>\n<p>[\/et_pb_text][\/et_pb_column][\/et_pb_row][\/et_pb_section]<\/p>\n","protected":false},"excerpt":{"rendered":"<p>Sobre &nbsp;POWER PRIME &nbsp;Hay agencias de marketing que nacen porque alguien necesitaba trabajo. PowerPrime naci\u00f3 porque dos personas vieron el mismo problema desde lados opuestos del Atl\u00e1ntico \u2014 y ninguno de los dos supo callarse.Pablo llevaba a\u00f1os dentro de Google aprendiendo exactamente c\u00f3mo funciona la m\u00e1quina por dentro. No la versi\u00f3n que te cuentan en [&hellip;]<\/p>\n","protected":false},"author":1,"featured_media":0,"parent":0,"menu_order":0,"comment_status":"closed","ping_status":"closed","template":"","meta":{"_et_pb_use_builder":"on","_et_pb_old_content":"","_et_gb_content_width":"","footnotes":""},"class_list":["post-332","page","type-page","status-publish","hentry"],"_links":{"self":[{"href":"https:\/\/www.thepowerprime.com\/index.php\/wp-json\/wp\/v2\/pages\/332","targetHints":{"allow":["GET"]}}],"collection":[{"href":"https:\/\/www.thepowerprime.com\/index.php\/wp-json\/wp\/v2\/pages"}],"about":[{"href":"https:\/\/www.thepowerprime.com\/index.php\/wp-json\/wp\/v2\/types\/page"}],"author":[{"embeddable":true,"href":"https:\/\/www.thepowerprime.com\/index.php\/wp-json\/wp\/v2\/users\/1"}],"replies":[{"embeddable":true,"href":"https:\/\/www.thepowerprime.com\/index.php\/wp-json\/wp\/v2\/comments?post=332"}],"version-history":[{"count":8,"href":"https:\/\/www.thepowerprime.com\/index.php\/wp-json\/wp\/v2\/pages\/332\/revisions"}],"predecessor-version":[{"id":367,"href":"https:\/\/www.thepowerprime.com\/index.php\/wp-json\/wp\/v2\/pages\/332\/revisions\/367"}],"wp:attachment":[{"href":"https:\/\/www.thepowerprime.com\/index.php\/wp-json\/wp\/v2\/media?parent=332"}],"curies":[{"name":"wp","href":"https:\/\/api.w.org\/{rel}","templated":true}]}}